{"id":7,"date":"2020-10-16T13:25:37","date_gmt":"2020-10-16T11:25:37","guid":{"rendered":"http:\/\/nrgik.re\/?page_id=7"},"modified":"2020-11-11T06:47:36","modified_gmt":"2020-11-11T05:47:36","slug":"programme-perte-de-poids","status":"publish","type":"page","link":"https:\/\/nrgik.re\/index.php\/programmes\/programme-perte-de-poids\/","title":{"rendered":"Programme perte de poids"},"content":{"rendered":"\n<figure class=\"wp-block-image size-large\"><img loading=\"lazy\" decoding=\"async\" width=\"188\" height=\"102\" src=\"https:\/\/nrgik.re\/wp-content\/uploads\/2020\/11\/HBX.png\" alt=\"\" class=\"wp-image-134\"\/><\/figure>\n\n\n\n<p><strong>Wellness<\/strong> est un programme d\u2019entrainement en petit groupe, r\u00e9serv\u00e9 aux femmes, le but est de perdre du poids rapidement et durablement sans r\u00e9gime et sans produit miracle !<\/p>\n\n\n\n<p>L&rsquo;objectif est de perdre 2kg par mois en moyenne, soit 6kg environ sur la dur\u00e9e totale du programme. En am\u00e9liorant votre hygi\u00e8ne de vie, en apprenant \u00e0 mieux manger et \u00e0 mieux bouger.\u00a0 Sur une dur\u00e9e de 12 semaines.<\/p>\n\n\n\n<div class=\"wp-block-image\"><figure class=\"aligncenter size-large\"><img loading=\"lazy\" decoding=\"async\" width=\"375\" height=\"148\" src=\"https:\/\/nrgik.re\/wp-content\/uploads\/2020\/11\/Wellness-Header.jpg\" alt=\"\" class=\"wp-image-224\" srcset=\"https:\/\/nrgik.re\/wp-content\/uploads\/2020\/11\/Wellness-Header.jpg 375w, https:\/\/nrgik.re\/wp-content\/uploads\/2020\/11\/Wellness-Header-300x118.jpg 300w\" sizes=\"auto, (max-width: 375px) 100vw, 375px\" \/><\/figure><\/div>\n\n\n\n<p>&nbsp;<strong>Les 3 facteurs indissociables pour la perte de poids sont :<\/strong><\/p>\n\n\n\n<ul class=\"wp-block-list\"><li>L\u2019entrainement: r\u00e9gulier et adapt\u00e9<\/li><\/ul>\n\n\n\n<ul class=\"wp-block-list\"><li>Le repos: la gestion du stress <\/li><\/ul>\n\n\n\n<ul class=\"wp-block-list\"><li>L\u2019alimentation: saine, vari\u00e9e et \u00e9quilibr\u00e9<\/li><\/ul>\n\n\n\n<p><\/p>\n","protected":false},"excerpt":{"rendered":"<p>Wellness est un programme d\u2019entrainement en petit groupe, r\u00e9serv\u00e9 aux femmes, le but est de perdre du poids rapidement et durablement sans r\u00e9gime et sans produit miracle ! L&rsquo;objectif est de perdre 2kg par mois en moyenne, soit 6kg environ sur la dur\u00e9e totale du programme. En am\u00e9liorant votre hygi\u00e8ne de vie, en apprenant \u00e0 [&hellip;]<\/p>\n","protected":false},"author":1,"featured_media":10,"parent":28,"menu_order":0,"comment_status":"closed","ping_status":"closed","template":"","meta":{"footnotes":""},"class_list":["post-7","page","type-page","status-publish","has-post-thumbnail","hentry"],"_links":{"self":[{"href":"https:\/\/nrgik.re\/index.php\/wp-json\/wp\/v2\/pages\/7","targetHints":{"allow":["GET"]}}],"collection":[{"href":"https:\/\/nrgik.re\/index.php\/wp-json\/wp\/v2\/pages"}],"about":[{"href":"https:\/\/nrgik.re\/index.php\/wp-json\/wp\/v2\/types\/page"}],"author":[{"embeddable":true,"href":"https:\/\/nrgik.re\/index.php\/wp-json\/wp\/v2\/users\/1"}],"replies":[{"embeddable":true,"href":"https:\/\/nrgik.re\/index.php\/wp-json\/wp\/v2\/comments?post=7"}],"version-history":[{"count":5,"href":"https:\/\/nrgik.re\/index.php\/wp-json\/wp\/v2\/pages\/7\/revisions"}],"predecessor-version":[{"id":225,"href":"https:\/\/nrgik.re\/index.php\/wp-json\/wp\/v2\/pages\/7\/revisions\/225"}],"up":[{"embeddable":true,"href":"https:\/\/nrgik.re\/index.php\/wp-json\/wp\/v2\/pages\/28"}],"wp:featuredmedia":[{"embeddable":true,"href":"https:\/\/nrgik.re\/index.php\/wp-json\/wp\/v2\/media\/10"}],"wp:attachment":[{"href":"https:\/\/nrgik.re\/index.php\/wp-json\/wp\/v2\/media?parent=7"}],"curies":[{"name":"wp","href":"https:\/\/api.w.org\/{rel}","templated":true}]}}