{"id":84,"date":"2020-10-17T14:20:16","date_gmt":"2020-10-17T12:20:16","guid":{"rendered":"https:\/\/nrgik.re\/?page_id=84"},"modified":"2020-11-11T07:50:12","modified_gmt":"2020-11-11T06:50:12","slug":"wendy","status":"publish","type":"page","link":"https:\/\/nrgik.re\/index.php\/wendy\/","title":{"rendered":"Wendy"},"content":{"rendered":"\n<p>\u00ab\u00a0A force de courage, de pers\u00e9v\u00e9rance et de travail, le r\u00e9sultat est impressionnant&#8230;\u00a0\u00bb<\/p>\n\n\n\n<p><\/p>\n\n\n\n<figure class=\"wp-block-gallery columns-2 is-cropped wp-block-gallery-1 is-layout-flex wp-block-gallery-is-layout-flex\"><ul class=\"blocks-gallery-grid\"><li class=\"blocks-gallery-item\"><figure><img loading=\"lazy\" decoding=\"async\" width=\"1024\" height=\"1020\" src=\"https:\/\/nrgik.re\/wp-content\/uploads\/2020\/10\/Int-37-1024x1020.jpg\" alt=\"\" data-id=\"86\" data-full-url=\"https:\/\/nrgik.re\/wp-content\/uploads\/2020\/10\/Int-37.jpg\" data-link=\"https:\/\/nrgik.re\/index.php\/wendy\/int-37\/\" class=\"wp-image-86\" srcset=\"https:\/\/nrgik.re\/wp-content\/uploads\/2020\/10\/Int-37-1024x1020.jpg 1024w, https:\/\/nrgik.re\/wp-content\/uploads\/2020\/10\/Int-37-300x300.jpg 300w, https:\/\/nrgik.re\/wp-content\/uploads\/2020\/10\/Int-37-150x150.jpg 150w, https:\/\/nrgik.re\/wp-content\/uploads\/2020\/10\/Int-37-768x765.jpg 768w, https:\/\/nrgik.re\/wp-content\/uploads\/2020\/10\/Int-37.jpg 1080w\" sizes=\"auto, (max-width: 1024px) 100vw, 1024px\" \/><\/figure><\/li><li class=\"blocks-gallery-item\"><figure><img loading=\"lazy\" decoding=\"async\" width=\"945\" height=\"925\" src=\"https:\/\/nrgik.re\/wp-content\/uploads\/2020\/10\/Int-14.jpg\" alt=\"\" data-id=\"85\" data-full-url=\"https:\/\/nrgik.re\/wp-content\/uploads\/2020\/10\/Int-14.jpg\" data-link=\"https:\/\/nrgik.re\/index.php\/wendy\/int-14\/\" class=\"wp-image-85\" srcset=\"https:\/\/nrgik.re\/wp-content\/uploads\/2020\/10\/Int-14.jpg 945w, https:\/\/nrgik.re\/wp-content\/uploads\/2020\/10\/Int-14-300x294.jpg 300w, https:\/\/nrgik.re\/wp-content\/uploads\/2020\/10\/Int-14-768x752.jpg 768w\" sizes=\"auto, (max-width: 945px) 100vw, 945px\" \/><\/figure><\/li><\/ul><\/figure>\n","protected":false},"excerpt":{"rendered":"<p>\u00ab\u00a0A force de courage, de pers\u00e9v\u00e9rance et de travail, le r\u00e9sultat est impressionnant&#8230;\u00a0\u00bb<\/p>\n","protected":false},"author":1,"featured_media":85,"parent":0,"menu_order":0,"comment_status":"closed","ping_status":"closed","template":"","meta":{"footnotes":""},"class_list":["post-84","page","type-page","status-publish","has-post-thumbnail","hentry"],"_links":{"self":[{"href":"https:\/\/nrgik.re\/index.php\/wp-json\/wp\/v2\/pages\/84","targetHints":{"allow":["GET"]}}],"collection":[{"href":"https:\/\/nrgik.re\/index.php\/wp-json\/wp\/v2\/pages"}],"about":[{"href":"https:\/\/nrgik.re\/index.php\/wp-json\/wp\/v2\/types\/page"}],"author":[{"embeddable":true,"href":"https:\/\/nrgik.re\/index.php\/wp-json\/wp\/v2\/users\/1"}],"replies":[{"embeddable":true,"href":"https:\/\/nrgik.re\/index.php\/wp-json\/wp\/v2\/comments?post=84"}],"version-history":[{"count":9,"href":"https:\/\/nrgik.re\/index.php\/wp-json\/wp\/v2\/pages\/84\/revisions"}],"predecessor-version":[{"id":229,"href":"https:\/\/nrgik.re\/index.php\/wp-json\/wp\/v2\/pages\/84\/revisions\/229"}],"wp:featuredmedia":[{"embeddable":true,"href":"https:\/\/nrgik.re\/index.php\/wp-json\/wp\/v2\/media\/85"}],"wp:attachment":[{"href":"https:\/\/nrgik.re\/index.php\/wp-json\/wp\/v2\/media?parent=84"}],"curies":[{"name":"wp","href":"https:\/\/api.w.org\/{rel}","templated":true}]}}